{"id":9018,"date":"2023-11-16T14:39:50","date_gmt":"2023-11-16T14:39:50","guid":{"rendered":"https:\/\/gerdahallen.com\/?page_id=9018"},"modified":"2025-01-23T13:01:10","modified_gmt":"2025-01-23T13:01:10","slug":"friskvardsbidrag","status":"publish","type":"page","link":"https:\/\/gerdahallen.com\/en\/foretag\/friskvardsbidrag\/","title":{"rendered":"Friskv\u00e5rdsbidrag"},"content":{"rendered":"\n<div class=\"image-text-section padding-tb\">\n    <div class=\"container\">\n        <div class=\"row\">\n                        <div class=\"col-12 order-lg-1 order-md-1 order-2 col-sm-5 col-lg-6 d-flex flex-column\">\n                <div class=\"image-wrap\">\n                                            <img decoding=\"async\" src=\"https:\/\/gerdahallen.com\/wp-content\/uploads\/2022\/01\/IMG_5096-scaled-400x700.jpg\" class=\"image-1\"\/>\n                                                                <img decoding=\"async\" src=\"https:\/\/gerdahallen.com\/wp-content\/uploads\/2022\/02\/IMG_5403-700x500.jpg\" class=\"image-2\" width=\"700\" height=\"500\"\/>\n                                    <\/div>\n            <\/div>\n            <div class=\"col-12 order-1 order-lg-2 order-md-2 col-sm-7 col-lg-6 d-flex flex-column justify-content-center\">\n                                    <h2>FRISKV\u00c5RDSBIDRAG<\/h2>\n                                <div class=\"text-wrap\">\n                                                                <img decoding=\"async\" src=\"https:\/\/gerdahallen.com\/wp-content\/uploads\/2021\/12\/black.svg\" width=\"58\" height=\"58\" class=\"icon-img\"\/>\n                                                                <p>Ett friskv\u00e5rdsbidrag \u00e4r inte bara en f\u00f6rm\u00e5n \u2013 det \u00e4r en investering i din h\u00e4lsa. Arbetsgivare betalar vanligtvis ut detta bidrag en g\u00e5ng om \u00e5ret f\u00f6r att uppmuntra sina anst\u00e4llda att leva ett aktivt och h\u00e4lsosamt liv, vilket i sin tur skapar en gladare och friskare arbetsstyrka.<\/p>\n<p><strong>VAD DU KAN ANV\u00c4NDA BIDRAGET TILL<\/strong><\/p>\n<p>H\u00e4lsa str\u00e4cker sig bortom bara tr\u00e4ning. Det inkluderar \u00e4ven \u00e5terh\u00e4mtning och mentalt v\u00e4lbefinnande. P\u00e5 Gerdahallen kan du anv\u00e4nda ditt friskv\u00e5rdsbidrag till tr\u00e4ningskort, personlig tr\u00e4ning, tennis samt massage.<\/p>\n<p><strong>UPPT\u00c4CK GERDAHALLENS BREDD<\/strong><\/p>\n<p>Gerdahallen erbjuder ett stort utbud inom friskv\u00e5rd. Detta inkluderar gym, grupptr\u00e4ning, personlig tr\u00e4ning, massage, yoga och tennis. Vi \u00e4r din ultimata partner n\u00e4r det g\u00e4ller friskv\u00e5rd, och f\u00e5 gym kan matcha v\u00e5r m\u00e5ngsidighet.<\/p>\n<p><strong>SMIDIGT MED FRISKV\u00c5RDSPORTALER<\/strong><\/p>\n<p>F\u00f6r att enkelt utnyttja ditt friskv\u00e5rdsbidrag hos oss, anv\u00e4nd g\u00e4rna Epassi eller Benify \u2013 smidiga plattformar som g\u00f6r processen enkel och bekv\u00e4m.<\/p>\n<p>V\u00e4lkommen till Gerdahallen, din plats f\u00f6r en holistisk och h\u00e4lsosam livsstil!<\/p>\n<p>Om du har fr\u00e5gor eller funderingar kring ditt friskv\u00e5rdsbidrag kontakta Dante s\u00e5 hj\u00e4lper han dig!<\/p>\n                                                                                                            <a href=\"https:\/\/gerdahallen.goactivebooking.com\/buy-subscription?web-category=48\" class=\"\n                        btn-second\" rel=\"nofollow noopener\" target=\"_blank\">\n                        B\u00f6rja tr\u00e4na idag<\/a>\n                                    <\/div>\n            <\/div>\n                    <\/div>\n    <\/div>\n<\/div>\n\n<div id=\"kontakt\" class=\"contact-person padding-tb\">\r\n    <div class=\"container\">\r\n        <div class=\"row\">\r\n            <div class=\"col-12 col-lg-6 col-md-6 d-flex justify-content-center flex-column\">\r\n                                                    <div class=\"img-wrap d-flex justify-content-center\">\r\n                        <img decoding=\"async\" src=\"https:\/\/gerdahallen.com\/wp-content\/uploads\/2023\/11\/IMG_8597-modified.png\" width=\"250\" height=\"250\" class=\"contact-img\">\r\n                    <\/div>\r\n                                <div class=\"contact-wrap d-flex justify-content-center flex-column\">\r\n                                                                <h4>Dante Sk\u00f6ld\u00e9n, medlemsr\u00e5dgivare<\/h4>\r\n                                                                                                                            <a href=\"mailto:dante.skolden@gerdahallen.com\"><img decoding=\"async\" src=\"https:\/\/gerdahallen.com\/wp-content\/themes\/gerdahallen\/assets\/icons\/mail_pink.svg\" width=\"15\" height=\"12\"\/>dante.skolden@gerdahallen.com<\/a>\r\n                                    <\/div>\r\n            <\/div>\r\n            <div class=\"col-12 col-lg-6 col-md-6 d-flex flex-column\">\r\n                                                    <h3>Kontakta mig<\/h3>\r\n                                                                                                <\/div>\r\n        <\/div>\r\n    <\/div>\r\n<\/div>\n\n    <div style=\"\" class=\" app-section\">\n        <div class=\"container\">\n            <div class=\"row\">\n                <div class=\"col-12 col-md-7 col-lg-6 d-flex justify-content-center flex-column\">\n                                            <h2>On the go? Book via Gerdahallen&#8217;s app<\/h2>\n                                        <div class=\"app-text\">\n                                                    <p>Reserve your place on one of our 30, 45 or 60-minute joy sessions in a simple, fast and personal way directly on your mobile.<\/p>\n                                                                            <span>Now available on Google Play and App Store<\/span>\n                                                                                                    <a href=\"https:\/\/apps.apple.com\/se\/app\/gerdahallen\/id1531091523\" target=\"_blank\" rel=\"nofollow noopener\">\n                                <img decoding=\"async\" src=\"https:\/\/gerdahallen.com\/wp-content\/uploads\/2022\/01\/Download_on_the_App_Store_Badge_SE_RGB_blk_100317.svg\" width=\"149\" height=\"44\"\/>\n                            <\/a>\n                                                                                                    <a href=\"https:\/\/play.google.com\/store\/apps\/details?id=se.brpsystems.gerdahallen&#038;pcampaignid=web_share\" target=\"_blank\" rel=\"nofollow noopener\">\n                                <img decoding=\"async\" src=\"https:\/\/gerdahallen.com\/wp-content\/uploads\/2022\/01\/google-play-badge-1-01.svg\" width=\"149\" height=\"44\"\/>\n                            <\/a>\n                                            <\/div>\n                <\/div>\n                <div class=\"col-12 col-md-5 col-lg-6 d-flex\">\n                                                                <img decoding=\"async\" src=\"https:\/\/gerdahallen.com\/wp-content\/uploads\/2025\/03\/@2xGroup-22.png\" width=\"544\" height=\"552\"\/>\n                                    <\/div>\n            <\/div>\n        <\/div>\n    <\/div>\n","protected":false},"excerpt":{"rendered":"","protected":false},"author":5,"featured_media":1215,"parent":443,"menu_order":0,"comment_status":"closed","ping_status":"closed","template":"","meta":{"_acf_changed":false,"inline_featured_image":false,"footnotes":""},"class_list":["post-9018","page","type-page","status-publish","has-post-thumbnail","hentry"],"acf":[],"_links":{"self":[{"href":"https:\/\/gerdahallen.com\/en\/wp-json\/wp\/v2\/pages\/9018","targetHints":{"allow":["GET"]}}],"collection":[{"href":"https:\/\/gerdahallen.com\/en\/wp-json\/wp\/v2\/pages"}],"about":[{"href":"https:\/\/gerdahallen.com\/en\/wp-json\/wp\/v2\/types\/page"}],"author":[{"embeddable":true,"href":"https:\/\/gerdahallen.com\/en\/wp-json\/wp\/v2\/users\/5"}],"replies":[{"embeddable":true,"href":"https:\/\/gerdahallen.com\/en\/wp-json\/wp\/v2\/comments?post=9018"}],"version-history":[{"count":14,"href":"https:\/\/gerdahallen.com\/en\/wp-json\/wp\/v2\/pages\/9018\/revisions"}],"predecessor-version":[{"id":9038,"href":"https:\/\/gerdahallen.com\/en\/wp-json\/wp\/v2\/pages\/9018\/revisions\/9038"}],"up":[{"embeddable":true,"href":"https:\/\/gerdahallen.com\/en\/wp-json\/wp\/v2\/pages\/443"}],"wp:featuredmedia":[{"embeddable":true,"href":"https:\/\/gerdahallen.com\/en\/wp-json\/wp\/v2\/media\/1215"}],"wp:attachment":[{"href":"https:\/\/gerdahallen.com\/en\/wp-json\/wp\/v2\/media?parent=9018"}],"curies":[{"name":"wp","href":"https:\/\/api.w.org\/{rel}","templated":true}]}}