{"id":8485,"date":"2023-03-28T11:50:08","date_gmt":"2023-03-28T11:50:08","guid":{"rendered":"https:\/\/gerdahallen.com\/?page_id=8485"},"modified":"2025-03-20T08:08:45","modified_gmt":"2025-03-20T08:08:45","slug":"gerdahallen-soker-medarbetare-till-kundservice","status":"publish","type":"page","link":"https:\/\/gerdahallen.com\/en\/jobba-hos-oss\/gerdahallen-soker-medarbetare-till-kundservice\/","title":{"rendered":"Gerdahallen s\u00f6ker medarbetare till kundservice"},"content":{"rendered":"\n<p><strong>Vi s\u00f6ker en ny medarbetare, vikariat p\u00e5 1 \u00e5r, deltid 75 % (dag, kv\u00e4ll och helg).<br>\u00c4r du en serviceinriktad och energisk person som tycker om m\u00e4nniskor och tr\u00e4ning? Vill du vara en del av ett h\u00e4rligt team och skapa den b\u00e4sta servicen? D\u00e5 kan du vara den vi s\u00f6ker!<\/strong><\/p>\n\n\n\n<p><strong>Om oss<\/strong><br>Gerdahallen \u00e4r en tr\u00e4ningsanl\u00e4ggning med ca 9700 medlemmar. Gerdahallen erbjuder ett brett och varierat utbud av h\u00f6g kvalitet och som \u00e4r tillg\u00e4ngligt f\u00f6r alla. Vi \u00e4r en verksamhet som anpassas i takt med tidens trender och vill med ett brett friskv\u00e5rdsutbud av h\u00f6g kvalitet erbjuda gl\u00e4dje och tr\u00e4ningsinspiration f\u00f6r alla. Gerdahallen ska vara en sj\u00e4lvklar och prestigel\u00f6s m\u00f6tesplats.<\/p>\n\n\n\n<p>Gerdahallen har fysioterapi och massage.<\/p>\n\n\n\n<p><strong>Om rollen<\/strong><br>Att arbeta i kundservice p\u00e5 Gerdahallen inneb\u00e4r att du \u00e4r \u201dspindeln i n\u00e4tet\u201d. Du \u00e4r ansiktet ut\u00e5t och ska ha koll p\u00e5 allt (n\u00e4stan) som h\u00e4nder i huset. Du har hela Gerdahallen som din arbetsplats\u00a0<\/p>\n\n\n\n<p><strong>Du kommer att arbeta i kundservice och ha ansvar f\u00f6r:<\/strong><\/p>\n\n\n\n<ul class=\"wp-block-list\">\n<li>V\u00e4lkomna och hj\u00e4lpa medlemmar samt potentiella medlemmar.<\/li>\n\n\n\n<li>Svara i telefon och e-post<\/li>\n\n\n\n<li>Administrera diverse uppgifter<\/li>\n\n\n\n<li>Hantera kassa och f\u00f6rs\u00e4ljning av produkter<\/li>\n\n\n\n<li>Bidra till en ren och trivsam milj\u00f6 i kundservice och i allm\u00e4nna utrymmen.<\/li>\n<\/ul>\n\n\n\n<p><strong>Vi s\u00f6ker dig som:<\/strong><\/p>\n\n\n\n<ul class=\"wp-block-list\">\n<li>\u00c4r genuint intresserad av service och tycker om att m\u00f6ta m\u00e4nniskor.<\/li>\n\n\n\n<li>\u00c4r \u00f6ppen och ut\u00e5triktad.<\/li>\n\n\n\n<li>\u00c4r lugn och trygg i dig sj\u00e4lv.<\/li>\n\n\n\n<li>\u00c4r professionell i sitt yrkesutf\u00f6rande.<\/li>\n\n\n\n<li>Har l\u00e4tt att ta egna initiativ och \u00e4r ansvarstagande.<\/li>\n<\/ul>\n\n\n\n<p>Intresse och erfarenhet av att leda grupptr\u00e4ningspass \u00e4r meriterande.<\/p>\n\n\n\n<p><strong>Vi erbjuder:<\/strong><\/p>\n\n\n\n<ul class=\"wp-block-list\">\n<li>En rolig och inspirerande arbetsmilj\u00f6.<\/li>\n\n\n\n<li>M\u00f6jligheten att var en del av ett engagerande team<\/li>\n\n\n\n<li>Personalrabatter och f\u00f6rm\u00e5ner<\/li>\n<\/ul>\n\n\n\n<p><strong>Ans\u00f6kan:<\/strong><\/p>\n\n\n\n<p>Skicka din ans\u00f6kan med personligt brev och cv till\u00a0<a href=\"mailto:gunilla.toth@gerdahallen.com\">gunilla.toth@gerdahallen.com<\/a>. Sista ans\u00f6kningsdag \u00e4r 21 april 2025.<\/p>\n\n\n\n<p>Vi ser framemot att h\u00f6ra fr\u00e5n dig!<\/p>\n\n\n\n<p><\/p>\n","protected":false},"excerpt":{"rendered":"<p>Vi s\u00f6ker en ny medarbetare, vikariat p\u00e5 1 \u00e5r, deltid 75 % (dag, kv\u00e4ll och helg).\u00c4r du en serviceinriktad och energisk person som tycker om&#8230;<\/p>\n","protected":false},"author":5,"featured_media":1252,"parent":996,"menu_order":0,"comment_status":"closed","ping_status":"closed","template":"page-sidebar.php","meta":{"_acf_changed":false,"inline_featured_image":false,"footnotes":""},"class_list":["post-8485","page","type-page","status-publish","has-post-thumbnail","hentry"],"acf":[],"_links":{"self":[{"href":"https:\/\/gerdahallen.com\/en\/wp-json\/wp\/v2\/pages\/8485","targetHints":{"allow":["GET"]}}],"collection":[{"href":"https:\/\/gerdahallen.com\/en\/wp-json\/wp\/v2\/pages"}],"about":[{"href":"https:\/\/gerdahallen.com\/en\/wp-json\/wp\/v2\/types\/page"}],"author":[{"embeddable":true,"href":"https:\/\/gerdahallen.com\/en\/wp-json\/wp\/v2\/users\/5"}],"replies":[{"embeddable":true,"href":"https:\/\/gerdahallen.com\/en\/wp-json\/wp\/v2\/comments?post=8485"}],"version-history":[{"count":3,"href":"https:\/\/gerdahallen.com\/en\/wp-json\/wp\/v2\/pages\/8485\/revisions"}],"predecessor-version":[{"id":10167,"href":"https:\/\/gerdahallen.com\/en\/wp-json\/wp\/v2\/pages\/8485\/revisions\/10167"}],"up":[{"embeddable":true,"href":"https:\/\/gerdahallen.com\/en\/wp-json\/wp\/v2\/pages\/996"}],"wp:featuredmedia":[{"embeddable":true,"href":"https:\/\/gerdahallen.com\/en\/wp-json\/wp\/v2\/media\/1252"}],"wp:attachment":[{"href":"https:\/\/gerdahallen.com\/en\/wp-json\/wp\/v2\/media?parent=8485"}],"curies":[{"name":"wp","href":"https:\/\/api.w.org\/{rel}","templated":true}]}}